{"id":7,"date":"2023-09-19T12:22:22","date_gmt":"2023-09-19T18:22:22","guid":{"rendered":"https:\/\/suria.com.mx\/?page_id=7"},"modified":"2026-01-08T15:47:56","modified_gmt":"2026-01-08T21:47:56","slug":"home","status":"publish","type":"page","link":"https:\/\/suria.com.mx\/index.php\/home\/","title":{"rendered":"HOME"},"content":{"rendered":"<style>\/*! elementor - v3.16.0 - 09-10-2023 *\/\n.elementor-widget-image{text-align:center}.elementor-widget-image a{display:inline-block}.elementor-widget-image a img[src$=\".svg\"]{width:48px}.elementor-widget-image img{vertical-align:middle;display:inline-block}<\/style>\n<p>\t\t\t\t\t\t\t\t\t\t\t\t<img decoding=\"async\" width=\"1024\" height=\"84\" src=\"https:\/\/suria.com.mx\/wp-content\/uploads\/2023\/09\/8-9-1024x84.png\" alt=\"\" loading=\"lazy\" srcset=\"https:\/\/suria.com.mx\/wp-content\/uploads\/2023\/09\/8-9-1024x84.png 1024w, https:\/\/suria.com.mx\/wp-content\/uploads\/2023\/09\/8-9-300x25.png 300w, https:\/\/suria.com.mx\/wp-content\/uploads\/2023\/09\/8-9-768x63.png 768w, https:\/\/suria.com.mx\/wp-content\/uploads\/2023\/09\/8-9-1536x127.png 1536w, https:\/\/suria.com.mx\/wp-content\/uploads\/2023\/09\/8-9-2048x169.png 2048w\" sizes=\"auto, (max-width: 1024px) 100vw, 1024px\" \/>\t\t\t\t\t\t\t\t\t\t\t\t\t\t\t<\/p>\n<p>Bienvenidos a <strong>SURIA<\/strong>, el coto en construcci\u00f3n que marcar\u00e1 un antes y un despu\u00e9s en tu estilo de vida.<br \/>Ubicado en la prestigiosa zona de Tepeyac, Zapopan, <strong>SURIA\u00a0<\/strong>ofrece una experiencia residencial sin<br \/>igual con sus 4 impresionantes torres. Cada torre est\u00e1 dise\u00f1ada para combinar modernidad y confort,<br \/>brind\u00e1ndote un hogar de ensue\u00f1o con incre\u00edbles amenidades.<\/p>\n<p>\t\t\t<a href=\"https:\/\/wa.me\/5213312340030\" target=\"_blank\"><br \/>\n\t\t\t\t\t\tCONT\u00c1CTANOS A TRAV\u00c9S DE WHATSAPP<br \/>\n\t\t\t\t\t<\/a><\/p>\n<style>\/*! elementor - v3.16.0 - 09-10-2023 *\/\n.elementor-widget-image-carousel .swiper,.elementor-widget-image-carousel .swiper-container{position:static}.elementor-widget-image-carousel .swiper-container .swiper-slide figure,.elementor-widget-image-carousel .swiper .swiper-slide figure{line-height:inherit}.elementor-widget-image-carousel .swiper-slide{text-align:center}.elementor-image-carousel-wrapper:not(.swiper-container-initialized):not(.swiper-initialized) .swiper-slide{max-width:calc(100% \/ var(--e-image-carousel-slides-to-show, 3))}<\/style>\n<figure><img decoding=\"async\" src=\"https:\/\/suria.com.mx\/wp-content\/uploads\/2023\/10\/DEP_Final-scaled.jpg\" alt=\"DEP_Final\" \/><\/figure>\n<figure><img decoding=\"async\" src=\"https:\/\/suria.com.mx\/wp-content\/uploads\/2023\/10\/VIA_Final-scaled.jpg\" alt=\"VIA_Final\" \/><\/figure>\n<figure><img decoding=\"async\" src=\"https:\/\/suria.com.mx\/wp-content\/uploads\/2023\/10\/ING_Final-scaled.jpg\" alt=\"ING_Final\" \/><\/figure>\n<style>\/*! elementor - v3.16.0 - 09-10-2023 *\/\n.elementor-heading-title{padding:0;margin:0;line-height:1}.elementor-widget-heading .elementor-heading-title[class*=elementor-size-]>a{color:inherit;font-size:inherit;line-height:inherit}.elementor-widget-heading .elementor-heading-title.elementor-size-small{font-size:15px}.elementor-widget-heading .elementor-heading-title.elementor-size-medium{font-size:19px}.elementor-widget-heading .elementor-heading-title.elementor-size-large{font-size:29px}.elementor-widget-heading .elementor-heading-title.elementor-size-xl{font-size:39px}.elementor-widget-heading .elementor-heading-title.elementor-size-xxl{font-size:59px}<\/style>\n<h3>\u00a1TU FUTURO HOGAR TE ESPERA<\/h3>\n<h5>EN NUESTRAS 4 TORRES EN CONSTRUCCI\u00d3N!<\/h5>\n<p>Disfruta de un elegante lobby, sala de usos m\u00faltiples para eventos especiales, terraza, gimnasio completamente equipado para mantener tu bienestar, pet park y mucho m\u00e1s. Todos los departamentos contar\u00e1n con preparaci\u00f3n para minisplit en sala-comedor y rec\u00e1mara principal.<\/p>\n<h5>VIVE EN UN COTO QUE LO TIENE TODO<\/h5>\n<p>\t\t\t<a href=\"https:\/\/wa.me\/5213312340030\" target=\"_blank\"><br \/>\n\t\t\t\t\t\tAGENDA TU CITA<br \/>\n\t\t\t\t\t<\/a><br \/>\n\t\t\t\t\t\t\t\t\t\t\t\t\t\t\t<img decoding=\"async\" width=\"750\" height=\"500\" src=\"https:\/\/suria.com.mx\/wp-content\/uploads\/2023\/09\/suria1.png\" alt=\"\" loading=\"lazy\" srcset=\"https:\/\/suria.com.mx\/wp-content\/uploads\/2023\/09\/suria1.png 750w, https:\/\/suria.com.mx\/wp-content\/uploads\/2023\/09\/suria1-300x200.png 300w\" sizes=\"auto, (max-width: 750px) 100vw, 750px\" \/><br \/>\n\t\t\t\t\t\t\t\t\t\t\t\t\t\t\t<img decoding=\"async\" width=\"750\" height=\"500\" src=\"https:\/\/suria.com.mx\/wp-content\/uploads\/2023\/09\/suria2.png\" alt=\"\" loading=\"lazy\" srcset=\"https:\/\/suria.com.mx\/wp-content\/uploads\/2023\/09\/suria2.png 750w, https:\/\/suria.com.mx\/wp-content\/uploads\/2023\/09\/suria2-300x200.png 300w\" sizes=\"auto, (max-width: 750px) 100vw, 750px\" \/><br \/>\n\t\t\t\t\t\t\t\t\t\t\t\t\t\t\t<img decoding=\"async\" width=\"750\" height=\"500\" src=\"https:\/\/suria.com.mx\/wp-content\/uploads\/2023\/09\/suria3.png\" alt=\"\" loading=\"lazy\" srcset=\"https:\/\/suria.com.mx\/wp-content\/uploads\/2023\/09\/suria3.png 750w, https:\/\/suria.com.mx\/wp-content\/uploads\/2023\/09\/suria3-300x200.png 300w\" sizes=\"auto, (max-width: 750px) 100vw, 750px\" \/><br \/>\n\t\t\t\t\t\t\t\t\t\t\t\t\t\t\t<img decoding=\"async\" width=\"750\" height=\"500\" src=\"https:\/\/suria.com.mx\/wp-content\/uploads\/2023\/09\/suria4.png\" alt=\"\" loading=\"lazy\" srcset=\"https:\/\/suria.com.mx\/wp-content\/uploads\/2023\/09\/suria4.png 750w, https:\/\/suria.com.mx\/wp-content\/uploads\/2023\/09\/suria4-300x200.png 300w\" sizes=\"auto, (max-width: 750px) 100vw, 750px\" \/><br \/>\n\t\t\t\t\t\t\t\t\t\t\t\t\t\t\t<img decoding=\"async\" width=\"750\" height=\"500\" src=\"https:\/\/suria.com.mx\/wp-content\/uploads\/2023\/09\/suria-5.png\" alt=\"\" loading=\"lazy\" srcset=\"https:\/\/suria.com.mx\/wp-content\/uploads\/2023\/09\/suria-5.png 750w, https:\/\/suria.com.mx\/wp-content\/uploads\/2023\/09\/suria-5-300x200.png 300w\" sizes=\"auto, (max-width: 750px) 100vw, 750px\" \/><br \/>\n\t\t\t\t\t\t\t\t\t\t\t\t\t\t\t<img decoding=\"async\" width=\"750\" height=\"500\" src=\"https:\/\/suria.com.mx\/wp-content\/uploads\/2023\/09\/suria6.png\" alt=\"\" loading=\"lazy\" srcset=\"https:\/\/suria.com.mx\/wp-content\/uploads\/2023\/09\/suria6.png 750w, https:\/\/suria.com.mx\/wp-content\/uploads\/2023\/09\/suria6-300x200.png 300w\" sizes=\"auto, (max-width: 750px) 100vw, 750px\" \/><br \/>\n\t\t\t\t\t\t\t\t\t\t\t\t\t\t\t<img decoding=\"async\" width=\"750\" height=\"500\" src=\"https:\/\/suria.com.mx\/wp-content\/uploads\/2023\/09\/suria7.png\" alt=\"\" loading=\"lazy\" srcset=\"https:\/\/suria.com.mx\/wp-content\/uploads\/2023\/09\/suria7.png 750w, https:\/\/suria.com.mx\/wp-content\/uploads\/2023\/09\/suria7-300x200.png 300w\" sizes=\"auto, (max-width: 750px) 100vw, 750px\" \/><br \/>\n\t\t\t\t\t\t\t\t\t\t\t\t\t\t\t<img decoding=\"async\" width=\"750\" height=\"500\" src=\"https:\/\/suria.com.mx\/wp-content\/uploads\/2023\/09\/suria8.png\" alt=\"\" loading=\"lazy\" srcset=\"https:\/\/suria.com.mx\/wp-content\/uploads\/2023\/09\/suria8.png 750w, https:\/\/suria.com.mx\/wp-content\/uploads\/2023\/09\/suria8-300x200.png 300w\" sizes=\"auto, (max-width: 750px) 100vw, 750px\" \/><br \/>\n\t\t\t\t\t\t\t\t\t\t\t\t\t\t\t<img decoding=\"async\" src=\"https:\/\/suria.com.mx\/wp-content\/uploads\/2023\/09\/27-6.png\" title=\"27 (6)\" alt=\"27 (6)\" loading=\"lazy\" \/>\t\t\t\t\t\t\t\t\t\t\t\t\t\t\t<\/p>\n<h5 style=\"color: #665076;\">MUCHO M\u00c1S QUE UN COTO EN CONSTRUCCI\u00d3N<br \/>ES UN ESTILO DE VIDA QUE ABRAZA <strong>LA MODERNIDAD<\/strong><br \/><strong>Y LA TRANQUILIDAD<\/strong> EN TEPEYAC, ZAPOPAN.<\/h5>\n<p>\t\t\t<a href=\"https:\/\/wa.link\/vybqjk\" target=\"_blank\"><br \/>\n\t\t\t\t\t\tAGENDA TU CITA<br \/>\n\t\t\t\t\t<\/a><br \/>\n\t\t<div style=\"width: 640px;\" class=\"wp-video\"><!--[if lt IE 9]><script>document.createElement('video');<\/script><![endif]-->\n<video class=\"wp-video-shortcode\" id=\"video-7-1\" width=\"640\" height=\"360\" preload=\"metadata\" controls=\"controls\"><source type=\"video\/mp4\" src=\"https:\/\/suria.com.mx\/wp-content\/uploads\/2023\/10\/Suria-1.mp4?_=1\" \/><a href=\"https:\/\/suria.com.mx\/wp-content\/uploads\/2023\/10\/Suria-1.mp4\">https:\/\/suria.com.mx\/wp-content\/uploads\/2023\/10\/Suria-1.mp4<\/a><\/video><\/div>\t\t<\/p>\n<h2>AVANCES DE OBRA<\/h2>\n<p>\t\t\t<a href=\"https:\/\/drive.google.com\/file\/d\/1oLHqWnCVCGgdjUBTj4UV0jzj1toh9Odc\/view?usp=drive_link\" target=\"_blank\"><br \/>\n\t\t\t\t\t\tVER AVANCES DE OBRA AQU\u00cd<br \/>\n\t\t\t\t\t<\/a><\/p>\n<div class=\"ast-oembed-container\" style=\"height: 100%;\"><iframe loading=\"lazy\" title=\"Video Placeholder\" width=\"500\" height=\"281\" src=\"https:\/\/www.youtube.com\/embed\/XHOmBV4js_E?feature=oembed\" frameborder=\"0\" allow=\"accelerometer; autoplay; clipboard-write; encrypted-media; gyroscope; picture-in-picture; web-share\" referrerpolicy=\"strict-origin-when-cross-origin\" allowfullscreen><\/iframe><\/div>\n<p>\t\t\t\t\t\t\t\t\t\t\t\t\t\t\t<img decoding=\"async\" src=\"https:\/\/suria.com.mx\/wp-content\/plugins\/elementor\/assets\/images\/placeholder.png\" title=\"\" alt=\"\" loading=\"lazy\" \/><br \/>\n\t\t\t\t\t\t\t\t\t\t\t\t\t\t\t<img decoding=\"async\" width=\"1024\" height=\"120\" src=\"https:\/\/suria.com.mx\/wp-content\/uploads\/2023\/09\/33-1-1024x120.png\" alt=\"\" loading=\"lazy\" srcset=\"https:\/\/suria.com.mx\/wp-content\/uploads\/2023\/09\/33-1-1024x120.png 1024w, https:\/\/suria.com.mx\/wp-content\/uploads\/2023\/09\/33-1-300x35.png 300w, https:\/\/suria.com.mx\/wp-content\/uploads\/2023\/09\/33-1-768x90.png 768w, https:\/\/suria.com.mx\/wp-content\/uploads\/2023\/09\/33-1-1536x180.png 1536w, https:\/\/suria.com.mx\/wp-content\/uploads\/2023\/09\/33-1-2048x240.png 2048w\" sizes=\"auto, (max-width: 1024px) 100vw, 1024px\" \/><br \/>\n\t\t\t\t\t\t\t\t\t\t\t\t\t\t\t\t<a href=\"https:\/\/portblack.com\/output\/\" target=\"_blank\"><br \/>\n\t\t\t\t\t\t\t<img decoding=\"async\" width=\"1966\" height=\"491\" src=\"https:\/\/suria.com.mx\/wp-content\/uploads\/2023\/09\/34.png\" alt=\"\" loading=\"lazy\" srcset=\"https:\/\/suria.com.mx\/wp-content\/uploads\/2023\/09\/34.png 1966w, https:\/\/suria.com.mx\/wp-content\/uploads\/2023\/09\/34-300x75.png 300w, https:\/\/suria.com.mx\/wp-content\/uploads\/2023\/09\/34-1024x256.png 1024w, https:\/\/suria.com.mx\/wp-content\/uploads\/2023\/09\/34-768x192.png 768w, https:\/\/suria.com.mx\/wp-content\/uploads\/2023\/09\/34-1536x384.png 1536w\" sizes=\"auto, (max-width: 1966px) 100vw, 1966px\" \/>\t\t\t\t\t\t\t\t<\/a><br \/>\n\t\t\t<a href=\"\/virtual-tour\" target=\"_blank\"><br \/>\n\t\t\t\t\t\tDA CLIK AQU\u00cd<br \/>\n\t\t\t\t\t<\/a><br \/>\n<!-- - - - - - - 8<- - - - - - cut here - - - - - 8<- - - - - - - --><br \/>\n\t\t<br \/>Loading&#8230;<\/p>\n<p>\t\t<noscript><\/p>\n<p><b>Please enable Javascript!<\/b><\/p>\n<p>\t\t<\/noscript><br \/>\n<!-- - - - - - - 8<- - - - - - cut here - - - - - 8<- - - - - - - --> <\/p>\n<h2>DEPARTAMENTOS<\/h2>\n<style>\/*! elementor - v3.16.0 - 09-10-2023 *\/\nbody.elementor-page .elementor-widget-menu-anchor{margin-bottom:0}<\/style>\n<h2>UBICACI\u00d3N<\/h2>\n<p>\t\t\t\t\t\t\t\t\t\t\t\t\t\t\t<img decoding=\"async\" width=\"2854\" height=\"2440\" src=\"https:\/\/suria.com.mx\/wp-content\/uploads\/2023\/09\/75.png\" alt=\"\" loading=\"lazy\" srcset=\"https:\/\/suria.com.mx\/wp-content\/uploads\/2023\/09\/75.png 2854w, https:\/\/suria.com.mx\/wp-content\/uploads\/2023\/09\/75-300x256.png 300w, https:\/\/suria.com.mx\/wp-content\/uploads\/2023\/09\/75-1024x875.png 1024w, https:\/\/suria.com.mx\/wp-content\/uploads\/2023\/09\/75-768x657.png 768w, https:\/\/suria.com.mx\/wp-content\/uploads\/2023\/09\/75-1536x1313.png 1536w, https:\/\/suria.com.mx\/wp-content\/uploads\/2023\/09\/75-2048x1751.png 2048w\" sizes=\"auto, (max-width: 2854px) 100vw, 2854px\" \/>\t\t\t\t\t\t\t\t\t\t\t\t\t\t\t<\/p>\n<h5 style=\"color: #665076;\">\u00bfBUSCAS LA PERFECCI\u00d3N EN UN HOGAR?<br \/><strong>SURIA ES LA RESPUESTA<\/strong><\/h5>\n<p>\t\t\t<a href=\"https:\/\/wa.me\/5213312340030\" target=\"_blank\"><br \/>\n\t\t\t\t\t\tAGENDA TU CITA<br \/>\n\t\t\t\t\t<\/a>\n\t\t\t<link rel=\"stylesheet\" href=\"https:\/\/suria.com.mx\/wp-content\/plugins\/elementor\/assets\/css\/widget-icon-box.min.css\">\n<h3>\n\t\t\t\t<\/h3>\n<p>\n\t\t\t\t\t\tAv. Tepeyac #1411, Jardines  del Ixt\u00e9pete. 45236 Zapopan, Jal.\t\t\t\t\t<\/p>\n<p>\t\t\t<a href=\"https:\/\/www.google.com.co\/maps\/place\/Suria\/@20.6244323,-103.4422807,19z\/data=!4m6!3m5!1s0x8428ac705d3fa6f5:0xb55c6a807abb167!8m2!3d20.6241311!4d-103.4417767!16s%2Fg%2F11l6qhkrtn?entry=ttu\"><br \/>\n\t\t\t\t\t\tGOOGLE MAPS<br \/>\n\t\t\t\t\t<\/a><\/p>\n<h2>PUNTOS DE INTER\u00c9S <\/h2>\n<p>\t\t\t\t\t\t\t\t\t\t\t\t\t\t\t<img decoding=\"async\" src=\"https:\/\/suria.com.mx\/wp-content\/uploads\/2023\/09\/51.png\" title=\"51\" alt=\"51\" loading=\"lazy\" \/><br \/>\n\t\t\t\t\t\t\t\t\t\t\t\t\t\t\t<img decoding=\"async\" src=\"https:\/\/suria.com.mx\/wp-content\/uploads\/2023\/09\/52.png\" title=\"52\" alt=\"52\" loading=\"lazy\" \/><br \/>\n\t\t\t\t\t\t\t\t\t\t\t\t\t\t\t<img decoding=\"async\" src=\"https:\/\/suria.com.mx\/wp-content\/uploads\/2023\/09\/53.png\" title=\"53\" alt=\"53\" loading=\"lazy\" \/><br \/>\n\t\t\t\t\t\t\t\t\t\t\t\t\t\t\t<img decoding=\"async\" src=\"https:\/\/suria.com.mx\/wp-content\/uploads\/2023\/09\/54.png\" title=\"54\" alt=\"54\" loading=\"lazy\" \/><br \/>\n\t\t\t\t\t\t\t\t\t\t\t\t\t\t\t<img decoding=\"async\" src=\"https:\/\/suria.com.mx\/wp-content\/uploads\/2023\/09\/55.png\" title=\"55\" alt=\"55\" loading=\"lazy\" \/><br \/>\n\t\t\t\t\t\t\t\t\t\t\t\t\t\t\t<img decoding=\"async\" src=\"https:\/\/suria.com.mx\/wp-content\/uploads\/2023\/09\/56.png\" title=\"56\" alt=\"56\" loading=\"lazy\" \/><br \/>\n\t\t\t\t\t\t\t\t\t\t\t\t\t\t\t<img decoding=\"async\" src=\"https:\/\/suria.com.mx\/wp-content\/uploads\/2023\/09\/57.png\" title=\"57\" alt=\"57\" loading=\"lazy\" \/><br \/>\n\t\t\t\t\t\t\t\t\t\t\t\t\t\t\t<img decoding=\"async\" src=\"https:\/\/suria.com.mx\/wp-content\/uploads\/2023\/09\/58.png\" title=\"58\" alt=\"58\" loading=\"lazy\" \/><br \/>\n\t\t\t\t\t\t\t\t\t\t\t\t\t\t\t<img decoding=\"async\" src=\"https:\/\/suria.com.mx\/wp-content\/uploads\/2023\/09\/59.png\" title=\"59\" alt=\"59\" loading=\"lazy\" \/><br \/>\n\t\t\t\t\t\t\t\t\t\t\t\t\t\t\t<img decoding=\"async\" width=\"3860\" height=\"3053\" src=\"https:\/\/suria.com.mx\/wp-content\/uploads\/2023\/09\/60.png\" alt=\"\" loading=\"lazy\" srcset=\"https:\/\/suria.com.mx\/wp-content\/uploads\/2023\/09\/60.png 3860w, https:\/\/suria.com.mx\/wp-content\/uploads\/2023\/09\/60-300x237.png 300w, https:\/\/suria.com.mx\/wp-content\/uploads\/2023\/09\/60-1024x810.png 1024w, https:\/\/suria.com.mx\/wp-content\/uploads\/2023\/09\/60-768x607.png 768w, https:\/\/suria.com.mx\/wp-content\/uploads\/2023\/09\/60-1536x1215.png 1536w, https:\/\/suria.com.mx\/wp-content\/uploads\/2023\/09\/60-2048x1620.png 2048w\" sizes=\"auto, (max-width: 3860px) 100vw, 3860px\" \/>\t\t\t\t\t\t\t\t\t\t\t\t\t\t\t<\/p>\n<h2>CONT\u00c1CTANOS<\/h2>\n<p>                                <noscript><br \/>\n\tNotice: JavaScript is required for this content.<\/noscript><\/p>\n","protected":false},"excerpt":{"rendered":"<p>Bienvenidos a SURIA, el coto en construcci\u00f3n que marcar\u00e1 un antes y un despu\u00e9s en tu estilo de vida.Ubicado en la prestigiosa zona de Tepeyac, Zapopan, SURIA\u00a0ofrece una experiencia residencial sinigual con sus 4 impresionantes torres. Cada torre est\u00e1 dise\u00f1ada para combinar modernidad y confort,brind\u00e1ndote un hogar de ensue\u00f1o con incre\u00edbles amenidades. CONT\u00c1CTANOS A TRAV\u00c9S &hellip;<\/p>\n<p class=\"read-more\"> <a class=\"\" href=\"https:\/\/suria.com.mx\/index.php\/home\/\"> <span class=\"screen-reader-text\">HOME<\/span> Leer m\u00e1s &raquo;<\/a><\/p>\n","protected":false},"author":5,"featured_media":0,"parent":0,"menu_order":0,"comment_status":"closed","ping_status":"closed","template":"","meta":{"site-sidebar-layout":"no-sidebar","site-content-layout":"","ast-site-content-layout":"full-width-container","site-content-style":"default","site-sidebar-style":"default","ast-global-header-display":"","ast-banner-title-visibility":"","ast-main-header-display":"","ast-hfb-above-header-display":"","ast-hfb-below-header-display":"","ast-hfb-mobile-header-display":"","site-post-title":"disabled","ast-breadcrumbs-content":"","ast-featured-img":"disabled","footer-sml-layout":"","theme-transparent-header-meta":"","adv-header-id-meta":"","stick-header-meta":"","header-above-stick-meta":"","header-main-stick-meta":"","header-below-stick-meta":"","astra-migrate-meta-layouts":"","_joinchat":[],"footnotes":""},"class_list":["post-7","page","type-page","status-publish","hentry"],"_links":{"self":[{"href":"https:\/\/suria.com.mx\/index.php\/wp-json\/wp\/v2\/pages\/7","targetHints":{"allow":["GET"]}}],"collection":[{"href":"https:\/\/suria.com.mx\/index.php\/wp-json\/wp\/v2\/pages"}],"about":[{"href":"https:\/\/suria.com.mx\/index.php\/wp-json\/wp\/v2\/types\/page"}],"author":[{"embeddable":true,"href":"https:\/\/suria.com.mx\/index.php\/wp-json\/wp\/v2\/users\/5"}],"replies":[{"embeddable":true,"href":"https:\/\/suria.com.mx\/index.php\/wp-json\/wp\/v2\/comments?post=7"}],"version-history":[{"count":11,"href":"https:\/\/suria.com.mx\/index.php\/wp-json\/wp\/v2\/pages\/7\/revisions"}],"predecessor-version":[{"id":1247,"href":"https:\/\/suria.com.mx\/index.php\/wp-json\/wp\/v2\/pages\/7\/revisions\/1247"}],"wp:attachment":[{"href":"https:\/\/suria.com.mx\/index.php\/wp-json\/wp\/v2\/media?parent=7"}],"curies":[{"name":"wp","href":"https:\/\/api.w.org\/{rel}","templated":true}]}}